{"id":51,"date":"2025-04-27T23:04:15","date_gmt":"2025-04-27T21:04:15","guid":{"rendered":"https:\/\/vsg-altglienicke.de\/volleyball\/?page_id=51"},"modified":"2025-04-30T22:30:32","modified_gmt":"2025-04-30T20:30:32","slug":"herrenteams","status":"publish","type":"page","link":"https:\/\/vsg-altglienicke.de\/volleyball\/herrenteams\/","title":{"rendered":"Herren"},"content":{"rendered":"\n<h3 class=\"wp-block-heading\">Herren I in der Berlinliga<\/h3>\n\n\n\n<p>Das eingespielte Team geh\u00f6rt schon seit Jahren zu den leistungsst\u00e4rksten Mannschaften der Berlinliga.<br>Trainingszeit Donnerstag 20.00 bis 22.00 Uhr Sophie Brahe Schule Pl\u00e4nterwald<\/p>\n\n\n\n<figure class=\"wp-block-gallery has-nested-images columns-default is-cropped wp-block-gallery-1 is-layout-flex wp-block-gallery-is-layout-flex\">\n<figure class=\"wp-block-image size-large\"><img fetchpriority=\"high\" decoding=\"async\" width=\"958\" height=\"842\" data-id=\"27\" src=\"https:\/\/vsg-altglienicke.de\/volleyball\/wp-content\/uploads\/2025\/04\/picture12a.jpg\" alt=\"Picture12a\" class=\"wp-image-27\" title=\"Herren\" srcset=\"https:\/\/vsg-altglienicke.de\/volleyball\/wp-content\/uploads\/2025\/04\/picture12a.jpg 958w, https:\/\/vsg-altglienicke.de\/volleyball\/wp-content\/uploads\/2025\/04\/picture12a-300x264.jpg 300w, https:\/\/vsg-altglienicke.de\/volleyball\/wp-content\/uploads\/2025\/04\/picture12a-768x675.jpg 768w, https:\/\/vsg-altglienicke.de\/volleyball\/wp-content\/uploads\/2025\/04\/picture12a-200x176.jpg 200w\" sizes=\"(max-width: 958px) 100vw, 958px\" \/><figcaption class=\"wp-element-caption\">Ehrgeiz vereint  &#8230;<\/figcaption><\/figure>\n\n\n\n<figure class=\"wp-block-image size-large\"><img decoding=\"async\" width=\"1024\" height=\"665\" data-id=\"32\" src=\"https:\/\/vsg-altglienicke.de\/volleyball\/wp-content\/uploads\/2025\/04\/picture03.jpg\" alt=\"Picture03\" class=\"wp-image-32\" title=\"Herren\" srcset=\"https:\/\/vsg-altglienicke.de\/volleyball\/wp-content\/uploads\/2025\/04\/picture03.jpg 1024w, https:\/\/vsg-altglienicke.de\/volleyball\/wp-content\/uploads\/2025\/04\/picture03-300x195.jpg 300w, https:\/\/vsg-altglienicke.de\/volleyball\/wp-content\/uploads\/2025\/04\/picture03-768x499.jpg 768w, https:\/\/vsg-altglienicke.de\/volleyball\/wp-content\/uploads\/2025\/04\/picture03-200x130.jpg 200w\" sizes=\"(max-width: 1024px) 100vw, 1024px\" \/><figcaption class=\"wp-element-caption\">&#8230; Leidenschaft schwei\u00dft zusammen<\/figcaption><\/figure>\n<\/figure>\n\n\n\n<p><\/p>\n\n\n\n<h3 class=\"wp-block-heading\">Herren II in der Kreisklasse <\/h3>\n\n\n\n<table id=\"tablepress-2\" class=\"tablepress tablepress-id-2 tbody-has-connected-cells\">\n<tbody class=\"row-striping row-hover\">\n<tr class=\"row-1\">\n\t<td colspan=\"3\" class=\"column-1\"><strong>Herren 2 &#8211; Trainingszeiten<\/td>\n<\/tr>\n<tr class=\"row-2\">\n\t<td class=\"column-1\">Montag<\/td><td class=\"column-2\">18-20 Uhr<\/td><td class=\"column-3\">Grundschule am Wasserturm<\/td>\n<\/tr>\n<tr class=\"row-3\">\n\t<td class=\"column-1\">Dienstag<\/td><td class=\"column-2\">20-22 Uhr<\/td><td class=\"column-3\">Schule am Berg<\/td>\n<\/tr>\n<tr class=\"row-4\">\n\t<td class=\"column-1\">Donnerstag<\/td><td class=\"column-2\">20-22 Uhr<\/td><td class=\"column-3\">Grundschule am Mohnweg<\/td>\n<\/tr>\n<tr class=\"row-5\">\n\t<td class=\"column-1\">Samstag<\/td><td class=\"column-2\">12:30-15:00 Uhr<\/td><td class=\"column-3\">Grundschule am Mohnweg<\/td>\n<\/tr>\n<\/tbody>\n<\/table>\n<!-- #tablepress-2 from cache -->\n\n\n<p><\/p>\n","protected":false},"excerpt":{"rendered":"<p>Herren I in der Berlinliga Das eingespielte Team geh\u00f6rt schon seit Jahren zu den leistungsst\u00e4rksten Mannschaften der Berlinliga.Trainingszeit Donnerstag 20.00 [&hellip;]<\/p>\n","protected":false},"author":1,"featured_media":0,"parent":0,"menu_order":0,"comment_status":"closed","ping_status":"closed","template":"","meta":{"_acf_changed":false,"site-sidebar-layout":"default","site-content-layout":"","ast-site-content-layout":"default","site-content-style":"default","site-sidebar-style":"default","ast-global-header-display":"","ast-banner-title-visibility":"","ast-main-header-display":"","ast-hfb-above-header-display":"","ast-hfb-below-header-display":"","ast-hfb-mobile-header-display":"","site-post-title":"","ast-breadcrumbs-content":"","ast-featured-img":"","footer-sml-layout":"","ast-disable-related-posts":"","theme-transparent-header-meta":"","adv-header-id-meta":"","stick-header-meta":"","header-above-stick-meta":"","header-main-stick-meta":"","header-below-stick-meta":"","astra-migrate-meta-layouts":"default","ast-page-background-enabled":"default","ast-page-background-meta":{"desktop":{"background-color":"var(--ast-global-color-4)","background-image":"","background-repeat":"repeat","background-position":"center center","background-size":"auto","background-attachment":"scroll","background-type":"","background-media":"","overlay-type":"","overlay-color":"","overlay-opacity":"","overlay-gradient":""},"tablet":{"background-color":"","background-image":"","background-repeat":"repeat","background-position":"center center","background-size":"auto","background-attachment":"scroll","background-type":"","background-media":"","overlay-type":"","overlay-color":"","overlay-opacity":"","overlay-gradient":""},"mobile":{"background-color":"","background-image":"","background-repeat":"repeat","background-position":"center center","background-size":"auto","background-attachment":"scroll","background-type":"","background-media":"","overlay-type":"","overlay-color":"","overlay-opacity":"","overlay-gradient":""}},"ast-content-background-meta":{"desktop":{"background-color":"var(--ast-global-color-5)","background-image":"","background-repeat":"repeat","background-position":"center center","background-size":"auto","background-attachment":"scroll","background-type":"","background-media":"","overlay-type":"","overlay-color":"","overlay-opacity":"","overlay-gradient":""},"tablet":{"background-color":"var(--ast-global-color-5)","background-image":"","background-repeat":"repeat","background-position":"center center","background-size":"auto","background-attachment":"scroll","background-type":"","background-media":"","overlay-type":"","overlay-color":"","overlay-opacity":"","overlay-gradient":""},"mobile":{"background-color":"var(--ast-global-color-5)","background-image":"","background-repeat":"repeat","background-position":"center center","background-size":"auto","background-attachment":"scroll","background-type":"","background-media":"","overlay-type":"","overlay-color":"","overlay-opacity":"","overlay-gradient":""}},"footnotes":""},"class_list":["post-51","page","type-page","status-publish","hentry"],"acf":[],"_links":{"self":[{"href":"https:\/\/vsg-altglienicke.de\/volleyball\/wp-json\/wp\/v2\/pages\/51","targetHints":{"allow":["GET"]}}],"collection":[{"href":"https:\/\/vsg-altglienicke.de\/volleyball\/wp-json\/wp\/v2\/pages"}],"about":[{"href":"https:\/\/vsg-altglienicke.de\/volleyball\/wp-json\/wp\/v2\/types\/page"}],"author":[{"embeddable":true,"href":"https:\/\/vsg-altglienicke.de\/volleyball\/wp-json\/wp\/v2\/users\/1"}],"replies":[{"embeddable":true,"href":"https:\/\/vsg-altglienicke.de\/volleyball\/wp-json\/wp\/v2\/comments?post=51"}],"version-history":[{"count":4,"href":"https:\/\/vsg-altglienicke.de\/volleyball\/wp-json\/wp\/v2\/pages\/51\/revisions"}],"predecessor-version":[{"id":115,"href":"https:\/\/vsg-altglienicke.de\/volleyball\/wp-json\/wp\/v2\/pages\/51\/revisions\/115"}],"wp:attachment":[{"href":"https:\/\/vsg-altglienicke.de\/volleyball\/wp-json\/wp\/v2\/media?parent=51"}],"curies":[{"name":"wp","href":"https:\/\/api.w.org\/{rel}","templated":true}]}}