{"id":18,"date":"2026-04-11T16:32:44","date_gmt":"2026-04-11T14:32:44","guid":{"rendered":"https:\/\/vsg-altglienicke.de\/volleyball\/about\/"},"modified":"2026-04-11T16:32:58","modified_gmt":"2026-04-11T14:32:58","slug":"about","status":"publish","type":"page","link":"https:\/\/vsg-altglienicke.de\/volleyball\/about\/","title":{"rendered":"About"},"content":{"rendered":"\n<div class=\"wp-block-uagb-container uagb-layout-grid uagb-block-52a5e7a5 alignfull uagb-is-root-container\"><div class=\"uagb-container-inner-blocks-wrap\">\n<div class=\"wp-block-uagb-advanced-heading uagb-block-8f9583b5\"><div class=\"uagb-separator\"><\/div><h1 class=\"uagb-heading-text\">Herzlich Willkommen bei VSG Altglienicke Volleyball<\/h1><\/div>\n\n\n\n<div class=\"wp-block-uagb-advanced-heading uagb-block-0a094371\"><p class=\"uagb-heading-text\">Wir f\u00f6rdern Leidenschaft und Teamgeist im Volleyball. Trete unserer Gemeinschaft bei und erlebe spannende Matches und Trainingsm\u00f6glichkeiten f\u00fcr alle Altersgruppen.<\/p><\/div>\n<\/div><\/div>\n\n\n\n<div class=\"wp-block-uagb-container uagb-block-6d4e3205 alignfull uagb-is-root-container\"><div class=\"uagb-container-inner-blocks-wrap\">\n<div class=\"wp-block-uagb-image uagb-block-41997195 wp-block-uagb-image--layout-default wp-block-uagb-image--effect-static wp-block-uagb-image--align-none uag-blocks-common-selector\" style=\"--z-index-desktop:1;;--z-index-tablet:undefined;;--z-index-mobile:undefined;\"><figure class=\"wp-block-uagb-image__figure\"><img loading=\"lazy\" decoding=\"async\" srcset=\"https:\/\/vsg-altglienicke.de\/volleyball\/wp-content\/uploads\/2026\/04\/picture11.jpg ,https:\/\/vsg-altglienicke.de\/volleyball\/wp-content\/uploads\/2024\/06\/about-bg.jpg 780w, https:\/\/vsg-altglienicke.de\/volleyball\/wp-content\/uploads\/2024\/06\/about-bg.jpg 360w\" sizes=\"auto, (max-width: 480px) 150px\" src=\"https:\/\/vsg-altglienicke.de\/volleyball\/wp-content\/uploads\/2026\/04\/picture11.jpg\" alt=\"picture11\" class=\"uag-image-1326\" width=\"1200\" height=\"400\" title=\"about-bg\" loading=\"lazy\" role=\"img\"\/><\/figure><\/div>\n\n\n\n<div class=\"wp-block-uagb-advanced-heading uagb-block-c1430afc\"><p class=\"uagb-heading-text\">\u00dcber uns<\/p><div class=\"uagb-separator\"><\/div><\/div>\n\n\n\n<div class=\"wp-block-uagb-advanced-heading uagb-block-8206bff7\"><h2 class=\"uagb-heading-text\">Engagierter Volleyballverein f\u00fcr alle Altersgruppen<\/h2><\/div>\n\n\n\n<div class=\"wp-block-uagb-container uagb-block-872fa012\">\n<div class=\"wp-block-uagb-advanced-heading uagb-block-76d9be4a\"><h3 class=\"uagb-heading-text\">VSG Altglienicke Abteilung Volleyball hat zahlreichen Spielern erm\u00f6glicht, ihre F\u00e4higkeiten zu entwickeln und an Wettk\u00e4mpfen auf verschiedenen Ebenen teilzunehmen, was zu beeindruckenden Erfolgen f\u00fchrte.<\/h3><\/div>\n\n\n\n<div class=\"wp-block-uagb-advanced-heading uagb-block-e648ce5c\"><p class=\"uagb-heading-text\">Als dynamischer Verein hat die VSG Altglienicke Abteilung Volleyball nicht nur die sportlichen F\u00e4higkeiten unserer Mitglieder gef\u00f6rdert, vielmehr haben wir auch eine lebendige Gemeinschaft aufgebaut, die Zusammenarbeit, Freude und das Engagement f\u00fcr Volleyball in den Vordergrund stellt.<\/p><p class=\"uagb-desc-text\">Unser Verein legt gro\u00dfen Wert auf hochwertige Trainingsmethoden und regelm\u00e4\u00dfige Veranstaltungen, um die Begeisterung f\u00fcr den Volleyballsport zu steigern und zahlreichen Athleten zu helfen, ihre sportlichen Ziele zu erreichen.<\/p><\/div>\n<\/div>\n\n\n\n<div class=\"wp-block-uagb-image uagb-block-e3600eff wp-block-uagb-image--layout-default wp-block-uagb-image--effect-static wp-block-uagb-image--align-none\"><figure class=\"wp-block-uagb-image__figure\"><img loading=\"lazy\" decoding=\"async\" srcset=\"https:\/\/vsg-altglienicke.de\/volleyball\/wp-content\/uploads\/2026\/04\/picture12.jpg ,https:\/\/vsg-altglienicke.de\/volleyball\/wp-content\/uploads\/2024\/06\/who-we-are.jpg 780w, https:\/\/vsg-altglienicke.de\/volleyball\/wp-content\/uploads\/2024\/06\/who-we-are.jpg 360w\" sizes=\"auto, (max-width: 480px) 150px\" src=\"https:\/\/vsg-altglienicke.de\/volleyball\/wp-content\/uploads\/2026\/04\/picture12.jpg\" alt=\"picture12\" class=\"uag-image-1327\" width=\"1200\" height=\"450\" title=\"who-we-are\" loading=\"lazy\" role=\"img\"\/><\/figure><\/div>\n\n\n\n<div class=\"wp-block-uagb-advanced-heading uagb-block-257301db\"><p class=\"uagb-heading-text\">Unsere Geschichte<\/p><div class=\"uagb-separator\"><\/div><\/div>\n\n\n\n<div class=\"wp-block-uagb-container uagb-layout-grid uagb-block-d836a3f7\">\n<div class=\"wp-block-uagb-image uagb-block-121b49d0 wp-block-uagb-image--layout-default wp-block-uagb-image--effect-static wp-block-uagb-image--align-none\"><figure class=\"wp-block-uagb-image__figure\"><img loading=\"lazy\" decoding=\"async\" srcset=\"https:\/\/vsg-altglienicke.de\/volleyball\/wp-content\/uploads\/2026\/04\/picture12a.jpg ,https:\/\/vsg-altglienicke.de\/volleyball\/wp-content\/uploads\/2026\/04\/picture12a.jpg 780w, https:\/\/vsg-altglienicke.de\/volleyball\/wp-content\/uploads\/2026\/04\/picture12a.jpg 360w\" sizes=\"auto, (max-width: 480px) 150px\" src=\"https:\/\/vsg-altglienicke.de\/volleyball\/wp-content\/uploads\/2026\/04\/picture12a.jpg\" alt=\"picture12a\" class=\"uag-image-1328\" width=\"560\" height=\"450\" title=\"our-story\" loading=\"lazy\" role=\"img\"\/><\/figure><\/div>\n\n\n\n<div class=\"wp-block-uagb-advanced-heading uagb-block-c10ed874\"><h3 class=\"uagb-heading-text\">Die Entwicklung von VSG Altglienicke Volleyball im Laufe der Jahre<\/h3><p class=\"uagb-desc-text\">Die VSG Altglienicke Abteilung Volleyball wurde vor \u00fcber einem Jahrzehnt gegr\u00fcndet, um den Volleyballsport in unserer Gemeinde zu f\u00f6rdern. Von bescheidenen Anf\u00e4ngen hat sich der Verein zu einem anerkannten Team entwickelt, das in der Region f\u00fcr seine Erfolge bekannt ist. Wir haben uns kontinuierlich weiterentwickelt und diverse Trainingsprogramme sowie Kooperationen mit Schulen und anderen Organisationen ins Leben gerufen, um noch mehr Menschen f\u00fcr den Volleyballsport zu begeistern.<\/p><\/div>\n<\/div>\n<\/div><\/div>\n\n\n\n<div class=\"wp-block-uagb-container uagb-block-08bdc66b alignfull uagb-is-root-container\"><div class=\"uagb-container-inner-blocks-wrap\">\n<div class=\"wp-block-uagb-advanced-heading uagb-block-8a25e220\"><p class=\"uagb-heading-text\">Unser Arbeitsansatz<\/p><div class=\"uagb-separator\"><\/div><\/div>\n\n\n\n<div class=\"wp-block-uagb-container uagb-layout-grid uagb-block-5c68a50a\">\n<div class=\"wp-block-uagb-advanced-heading uagb-block-acaeab83\"><h2 class=\"uagb-heading-text\">Unsere Philosophie f\u00fcr Training und Wettkampf<\/h2><\/div>\n\n\n\n<div class=\"wp-block-uagb-container uagb-block-b5dc4002\">\n<div class=\"wp-block-uagb-info-box uagb-block-5fb96413 uagb-infobox__content-wrap  uagb-infobox-icon-above-title uagb-infobox-image-valign-top\"><div class=\"uagb-ifb-content\"><div class=\"uagb-ifb-title-wrap\"><span class=\"uagb-ifb-title-prefix\">Step-01<\/span><h3 class=\"uagb-ifb-title\">Engagiertes Training<\/h3><\/div><p class=\"uagb-ifb-desc\">Wir bieten engagiertes und spielerisches Training f\u00fcr jedes Niveau.<\/p><div class=\"uagb-ifb-separator\"><\/div><\/div><\/div>\n\n\n\n<div class=\"wp-block-uagb-info-box uagb-block-e82c6c50 uagb-infobox__content-wrap  uagb-infobox-icon-above-title uagb-infobox-image-valign-top\"><div class=\"uagb-ifb-content\"><div class=\"uagb-ifb-title-wrap\"><span class=\"uagb-ifb-title-prefix\">Step-02<\/span><h3 class=\"uagb-ifb-title\">Teamgeist f\u00f6rdern<\/h3><\/div><p class=\"uagb-ifb-desc\">Wir betonen den Teamgeist und die Zusammenarbeit in jedem Training.<\/p><div class=\"uagb-ifb-separator\"><\/div><\/div><\/div>\n\n\n\n<div class=\"wp-block-uagb-info-box uagb-block-63a457f5 uagb-infobox__content-wrap  uagb-infobox-icon-above-title uagb-infobox-image-valign-top\"><div class=\"uagb-ifb-content\"><div class=\"uagb-ifb-title-wrap\"><span class=\"uagb-ifb-title-prefix\">Step-03<\/span><h3 class=\"uagb-ifb-title\">Vielf\u00e4ltige Veranstaltungen<\/h3><\/div><p class=\"uagb-ifb-desc\">Regelm\u00e4\u00dfige Events bringen unsere Mitglieder zusammen und f\u00f6rdern den Zusammenhalt.<\/p><\/div><\/div>\n<\/div>\n<\/div>\n<\/div><\/div>\n\n\n","protected":false},"excerpt":{"rendered":"","protected":false},"author":1,"featured_media":0,"parent":0,"menu_order":0,"comment_status":"closed","ping_status":"closed","template":"","meta":{"_acf_changed":false,"site-sidebar-layout":"default","site-content-layout":"","ast-site-content-layout":"default","site-content-style":"default","site-sidebar-style":"default","ast-global-header-display":"","ast-banner-title-visibility":"","ast-main-header-display":"","ast-hfb-above-header-display":"","ast-hfb-below-header-display":"","ast-hfb-mobile-header-display":"","site-post-title":"disabled","ast-breadcrumbs-content":"","ast-featured-img":"","footer-sml-layout":"","ast-disable-related-posts":"","theme-transparent-header-meta":"enabled","adv-header-id-meta":"","stick-header-meta":"","header-above-stick-meta":"","header-main-stick-meta":"","header-below-stick-meta":"","astra-migrate-meta-layouts":"default","ast-page-background-enabled":"default","ast-page-background-meta":{"desktop":{"background-color":"var(--ast-global-color-4)","background-image":"","background-repeat":"repeat","background-position":"center center","background-size":"auto","background-attachment":"scroll","background-type":"","background-media":"","overlay-type":"","overlay-color":"","overlay-opacity":"","overlay-gradient":""},"tablet":{"background-color":"","background-image":"","background-repeat":"repeat","background-position":"center center","background-size":"auto","background-attachment":"scroll","background-type":"","background-media":"","overlay-type":"","overlay-color":"","overlay-opacity":"","overlay-gradient":""},"mobile":{"background-color":"","background-image":"","background-repeat":"repeat","background-position":"center center","background-size":"auto","background-attachment":"scroll","background-type":"","background-media":"","overlay-type":"","overlay-color":"","overlay-opacity":"","overlay-gradient":""}},"ast-content-background-meta":{"desktop":{"background-color":"var(--ast-global-color-5)","background-image":"","background-repeat":"repeat","background-position":"center center","background-size":"auto","background-attachment":"scroll","background-type":"","background-media":"","overlay-type":"","overlay-color":"","overlay-opacity":"","overlay-gradient":""},"tablet":{"background-color":"var(--ast-global-color-5)","background-image":"","background-repeat":"repeat","background-position":"center center","background-size":"auto","background-attachment":"scroll","background-type":"","background-media":"","overlay-type":"","overlay-color":"","overlay-opacity":"","overlay-gradient":""},"mobile":{"background-color":"var(--ast-global-color-5)","background-image":"","background-repeat":"repeat","background-position":"center center","background-size":"auto","background-attachment":"scroll","background-type":"","background-media":"","overlay-type":"","overlay-color":"","overlay-opacity":"","overlay-gradient":""}},"footnotes":""},"class_list":["post-18","page","type-page","status-publish","hentry"],"acf":[],"_links":{"self":[{"href":"https:\/\/vsg-altglienicke.de\/volleyball\/wp-json\/wp\/v2\/pages\/18","targetHints":{"allow":["GET"]}}],"collection":[{"href":"https:\/\/vsg-altglienicke.de\/volleyball\/wp-json\/wp\/v2\/pages"}],"about":[{"href":"https:\/\/vsg-altglienicke.de\/volleyball\/wp-json\/wp\/v2\/types\/page"}],"author":[{"embeddable":true,"href":"https:\/\/vsg-altglienicke.de\/volleyball\/wp-json\/wp\/v2\/users\/1"}],"replies":[{"embeddable":true,"href":"https:\/\/vsg-altglienicke.de\/volleyball\/wp-json\/wp\/v2\/comments?post=18"}],"version-history":[{"count":3,"href":"https:\/\/vsg-altglienicke.de\/volleyball\/wp-json\/wp\/v2\/pages\/18\/revisions"}],"predecessor-version":[{"id":1388,"href":"https:\/\/vsg-altglienicke.de\/volleyball\/wp-json\/wp\/v2\/pages\/18\/revisions\/1388"}],"wp:attachment":[{"href":"https:\/\/vsg-altglienicke.de\/volleyball\/wp-json\/wp\/v2\/media?parent=18"}],"curies":[{"name":"wp","href":"https:\/\/api.w.org\/{rel}","templated":true}]}}